{"id":6215,"date":"2022-02-02T19:52:20","date_gmt":"2022-02-02T19:52:20","guid":{"rendered":"https:\/\/bbqsmoker.it\/?post_type=product&#038;p=6215"},"modified":"2022-02-02T19:54:51","modified_gmt":"2022-02-02T19:54:51","slug":"bankettstuehle","status":"publish","type":"product","link":"https:\/\/bbqsmoker.it\/it\/produkt\/bankettstuehle\/","title":{"rendered":"Bankettst\u00fchle"},"content":{"rendered":"<p>120 St. Verf\u00fcgbar<\/p>\n<p>&#8211; Gesamtbreite: 44 cm<br \/>\n&#8211; Gesamth\u00f6he: 90 cm<br \/>\n&#8211; Gesamttiefe: 56 cm<br \/>\n&#8211; Sitzh\u00f6he: 46 cm<\/p>\n","protected":false},"excerpt":{"rendered":"<p>120 St. Verf\u00fcgbar &#8211; Gesamtbreite: 44 cm &#8211; Gesamth\u00f6he: 90 cm &#8211; Gesamttiefe: 56 cm &#8211; Sitzh\u00f6he: 46 cm<\/p>\n","protected":false},"featured_media":6213,"template":"","meta":[],"product_brand":[],"product_cat":[34],"product_tag":[],"class_list":{"0":"post-6215","1":"product","2":"type-product","3":"status-publish","4":"has-post-thumbnail","6":"product_cat-verleih","8":"first","9":"instock","10":"shipping-taxable","11":"purchasable","12":"product-type-simple"},"_links":{"self":[{"href":"https:\/\/bbqsmoker.it\/it\/wp-json\/wp\/v2\/product\/6215","targetHints":{"allow":["GET"]}}],"collection":[{"href":"https:\/\/bbqsmoker.it\/it\/wp-json\/wp\/v2\/product"}],"about":[{"href":"https:\/\/bbqsmoker.it\/it\/wp-json\/wp\/v2\/types\/product"}],"wp:featuredmedia":[{"embeddable":true,"href":"https:\/\/bbqsmoker.it\/it\/wp-json\/wp\/v2\/media\/6213"}],"wp:attachment":[{"href":"https:\/\/bbqsmoker.it\/it\/wp-json\/wp\/v2\/media?parent=6215"}],"wp:term":[{"taxonomy":"product_brand","embeddable":true,"href":"https:\/\/bbqsmoker.it\/it\/wp-json\/wp\/v2\/product_brand?post=6215"},{"taxonomy":"product_cat","embeddable":true,"href":"https:\/\/bbqsmoker.it\/it\/wp-json\/wp\/v2\/product_cat?post=6215"},{"taxonomy":"product_tag","embeddable":true,"href":"https:\/\/bbqsmoker.it\/it\/wp-json\/wp\/v2\/product_tag?post=6215"}],"curies":[{"name":"wp","href":"https:\/\/api.w.org\/{rel}","templated":true}]}}